{"id":87,"date":"2015-10-22T03:17:26","date_gmt":"2015-10-22T03:17:26","guid":{"rendered":"http:\/\/demo.thimpress.com\/eduma\/?page_id=87"},"modified":"2023-06-26T22:58:50","modified_gmt":"2023-06-27T01:58:50","slug":"contact","status":"publish","type":"page","link":"https:\/\/astrategia.eurekatech.io\/?page_id=87","title":{"rendered":"Contacto"},"content":{"rendered":"\t\t<div data-elementor-type=\"wp-page\" data-elementor-id=\"87\" class=\"elementor elementor-87\">\n\t\t\t\t\t\t<section class=\"elementor-section elementor-top-section elementor-element elementor-element-d26e196 elementor-section-boxed elementor-section-height-default elementor-section-height-default\" data-id=\"d26e196\" data-element_type=\"section\" data-settings=\"{&quot;background_background&quot;:&quot;classic&quot;,&quot;_ha_eqh_enable&quot;:false}\">\n\t\t\t\t\t\t<div class=\"elementor-container elementor-column-gap-default\">\n\t\t\t\t\t<div class=\"elementor-column elementor-col-50 elementor-top-column elementor-element elementor-element-8994342\" data-id=\"8994342\" data-element_type=\"column\">\n\t\t\t<div class=\"elementor-widget-wrap elementor-element-populated\">\n\t\t\t\t\t\t<div class=\"elementor-element elementor-element-fafd25f iconbox-text-left elementor-widget elementor-widget-thim-icon-box\" data-id=\"fafd25f\" data-element_type=\"widget\" data-widget_type=\"thim-icon-box.default\">\n\t\t\t\t<div class=\"elementor-widget-container\">\n\t\t\t<div class=\"thim-widget-icon-box\"><div class=\"wrapper-box-icon layout_text_number text-left image_box\"><div class=\"smicon-box iconbox-left\"><div class=\"boxes-icon circle\"><span class=\"inner-icon\"><span class=\"text-number-icon\"><i class=\"far fa-map\"><\/i><\/span><\/span><\/div><div class=\"content-inner\"><div class=\"sc-heading\"><h2 class=\"heading__primary\" style=\"font-size:28px;\">Direcci\u00f3n<\/h2><\/div><div class=\"desc-icon-box\"><div class=\"desc-content\">Los Militares 5620, Las Condes, Santiago.<\/div><\/div><\/div><\/div><\/div><\/div>\t\t<\/div>\n\t\t\t\t<\/div>\n\t\t\t\t<div class=\"elementor-element elementor-element-047ae13 iconbox-text-left elementor-widget elementor-widget-thim-icon-box\" data-id=\"047ae13\" data-element_type=\"widget\" data-widget_type=\"thim-icon-box.default\">\n\t\t\t\t<div class=\"elementor-widget-container\">\n\t\t\t<div class=\"thim-widget-icon-box\"><div class=\"wrapper-box-icon layout_text_number text-left image_box\"><div class=\"smicon-box iconbox-left\"><div class=\"boxes-icon circle\"><span class=\"inner-icon\"><span class=\"text-number-icon\"><i aria-hidden=\"true\" class=\"tk tk-envelope-open-text\"><\/i><\/span><\/span><\/div><div class=\"content-inner\"><div class=\"sc-heading\"><h2 class=\"heading__primary\" style=\"font-size:28px;\">Correo<\/h2><\/div><div class=\"desc-icon-box\"><div class=\"desc-content\">hola@astrategia.cl <br \/>\n<\/div><\/div><\/div><\/div><\/div><\/div>\t\t<\/div>\n\t\t\t\t<\/div>\n\t\t\t\t<div class=\"elementor-element elementor-element-02d6365 iconbox-text-left elementor-widget elementor-widget-thim-icon-box\" data-id=\"02d6365\" data-element_type=\"widget\" data-widget_type=\"thim-icon-box.default\">\n\t\t\t\t<div class=\"elementor-widget-container\">\n\t\t\t<div class=\"thim-widget-icon-box\"><div class=\"wrapper-box-icon layout_text_number text-left image_box\"><div class=\"smicon-box iconbox-left\"><div class=\"boxes-icon circle\"><span class=\"inner-icon\"><span class=\"text-number-icon\"><i aria-hidden=\"true\" class=\"tk tk-phone-volume\"><\/i><\/span><\/span><\/div><div class=\"content-inner\"><div class=\"sc-heading\"><h2 class=\"heading__primary\" style=\"font-size:28px;\">Tel\u00e9fono de contacto<\/h2><\/div><div class=\"desc-icon-box\"><div class=\"desc-content\">+56 9 53336821 <br \/>\n<\/div><\/div><\/div><\/div><\/div><\/div>\t\t<\/div>\n\t\t\t\t<\/div>\n\t\t\t\t\t<\/div>\n\t\t<\/div>\n\t\t\t\t<div class=\"elementor-column elementor-col-50 elementor-top-column elementor-element elementor-element-f073295\" data-id=\"f073295\" data-element_type=\"column\">\n\t\t\t<div class=\"elementor-widget-wrap elementor-element-populated\">\n\t\t\t\t\t\t<div class=\"elementor-element elementor-element-5898f52 thim-ekits-heading-text-center elementor-widget thim-ekits-heading elementor-widget-thim-heading\" data-id=\"5898f52\" data-element_type=\"widget\" data-widget_type=\"thim-heading.default\">\n\t\t\t\t<div class=\"elementor-widget-container\">\n\t\t\t<div class=\"sc_heading text-center\"><h2 class=\"title\">Env\u00edanos un mensaje<\/h2><\/div>\t\t<\/div>\n\t\t\t\t<\/div>\n\t\t\t\t<div class=\"elementor-element elementor-element-3bd6ad5 elementor-widget elementor-widget-thim-ekits-contact-form-7\" data-id=\"3bd6ad5\" data-element_type=\"widget\" data-widget_type=\"thim-ekits-contact-form-7.default\">\n\t\t\t\t<div class=\"elementor-widget-container\">\n\t\t\t\t\t\t<div class=\"thim-ekit-wpcf7\">\r\n\t\t\t\t\n<div class=\"wpcf7 no-js\" id=\"wpcf7-f18865-o1\" lang=\"en-US\" dir=\"ltr\">\n<div class=\"screen-reader-response\"><p role=\"status\" aria-live=\"polite\" aria-atomic=\"true\"><\/p> <ul><\/ul><\/div>\n<form action=\"\/index.php?rest_route=%2Fwp%2Fv2%2Fpages%2F87#wpcf7-f18865-o1\" method=\"post\" class=\"wpcf7-form init\" aria-label=\"Contact form\" novalidate=\"novalidate\" data-status=\"init\">\n<div style=\"display: none;\">\n<input type=\"hidden\" name=\"_wpcf7\" value=\"18865\" \/>\n<input type=\"hidden\" name=\"_wpcf7_version\" value=\"5.7.7\" \/>\n<input type=\"hidden\" name=\"_wpcf7_locale\" value=\"en_US\" \/>\n<input type=\"hidden\" name=\"_wpcf7_unit_tag\" value=\"wpcf7-f18865-o1\" \/>\n<input type=\"hidden\" name=\"_wpcf7_container_post\" value=\"0\" \/>\n<input type=\"hidden\" name=\"_wpcf7_posted_data_hash\" value=\"\" \/>\n<\/div>\n<div class=\"ct-form-elegant\">\n\t<p><span class=\"wpcf7-form-control-wrap\" data-name=\"your-name\"><input size=\"40\" class=\"wpcf7-form-control wpcf7-text wpcf7-validates-as-required\" aria-required=\"true\" aria-invalid=\"false\" placeholder=\"Nombre\" value=\"\" type=\"text\" name=\"your-name\" \/><\/span>\n\t<\/p>\n\t<p><span class=\"wpcf7-form-control-wrap\" data-name=\"your-email\"><input size=\"40\" class=\"wpcf7-form-control wpcf7-text wpcf7-email wpcf7-validates-as-required wpcf7-validates-as-email\" aria-required=\"true\" aria-invalid=\"false\" placeholder=\"Email\" value=\"\" type=\"email\" name=\"your-email\" \/><\/span>\n\t<\/p>\n\t<p><span class=\"wpcf7-form-control-wrap\" data-name=\"your-message\"><textarea cols=\"40\" rows=\"10\" class=\"wpcf7-form-control wpcf7-textarea wpcf7-validates-as-required\" aria-required=\"true\" aria-invalid=\"false\" placeholder=\"Mensaje\" name=\"your-message\"><\/textarea><\/span>\n\t<\/p>\n\t<p><input class=\"wpcf7-form-control has-spinner wpcf7-submit\" type=\"submit\" value=\"Enviar\" \/>\n\t<\/p>\n<\/div><p style=\"display: none !important;\"><label>&#916;<textarea name=\"_wpcf7_ak_hp_textarea\" cols=\"45\" rows=\"8\" maxlength=\"100\"><\/textarea><\/label><input type=\"hidden\" id=\"ak_js_1\" name=\"_wpcf7_ak_js\" value=\"239\"\/><script>document.getElementById( \"ak_js_1\" ).setAttribute( \"value\", ( new Date() ).getTime() );<\/script><\/p><div class=\"wpcf7-response-output\" aria-hidden=\"true\"><\/div>\n<\/form>\n<\/div>\n\t\t\t<\/div>\r\n\t\t\t\t\t<\/div>\n\t\t\t\t<\/div>\n\t\t\t\t\t<\/div>\n\t\t<\/div>\n\t\t\t\t\t<\/div>\n\t\t<\/section>\n\t\t\t\t<\/div>\n\t\t","protected":false},"excerpt":{"rendered":"<p>Direcci\u00f3n Los Militares 5620, Las Condes, Santiago. Correo hola@astrategia.cl Tel\u00e9fono de contacto +56 9 53336821 Env\u00edanos un mensaje &#916;<\/p>\n","protected":false},"author":1,"featured_media":0,"parent":0,"menu_order":0,"comment_status":"closed","ping_status":"closed","template":"","meta":[],"_links":{"self":[{"href":"https:\/\/astrategia.eurekatech.io\/index.php?rest_route=\/wp\/v2\/pages\/87"}],"collection":[{"href":"https:\/\/astrategia.eurekatech.io\/index.php?rest_route=\/wp\/v2\/pages"}],"about":[{"href":"https:\/\/astrategia.eurekatech.io\/index.php?rest_route=\/wp\/v2\/types\/page"}],"author":[{"embeddable":true,"href":"https:\/\/astrategia.eurekatech.io\/index.php?rest_route=\/wp\/v2\/users\/1"}],"replies":[{"embeddable":true,"href":"https:\/\/astrategia.eurekatech.io\/index.php?rest_route=%2Fwp%2Fv2%2Fcomments&post=87"}],"version-history":[{"count":25,"href":"https:\/\/astrategia.eurekatech.io\/index.php?rest_route=\/wp\/v2\/pages\/87\/revisions"}],"predecessor-version":[{"id":19743,"href":"https:\/\/astrategia.eurekatech.io\/index.php?rest_route=\/wp\/v2\/pages\/87\/revisions\/19743"}],"wp:attachment":[{"href":"https:\/\/astrategia.eurekatech.io\/index.php?rest_route=%2Fwp%2Fv2%2Fmedia&parent=87"}],"curies":[{"name":"wp","href":"https:\/\/api.w.org\/{rel}","templated":true}]}}